{"id":19,"date":"2024-09-01T18:12:09","date_gmt":"2024-09-01T16:12:09","guid":{"rendered":"http:\/\/poles8311.fr\/?page_id=19"},"modified":"2025-09-11T21:46:06","modified_gmt":"2025-09-11T19:46:06","slug":"le-club","status":"publish","type":"page","link":"https:\/\/poles8311.fr\/index.php\/le-club\/","title":{"rendered":"Le club"},"content":{"rendered":"\n<p class=\"has-medium-font-size\" style=\"padding-top:0;padding-right:0;padding-bottom:0;padding-left:0\">Le&nbsp;<strong>POLES<\/strong>&nbsp;(<em>Pradet Orientation Loisir Et Sports<\/em>)&nbsp;est un club de&nbsp;Course d&rsquo;Orientation&nbsp;situ\u00e9 au&nbsp;Pradet, \u00e0 l&rsquo;est de Toulon. Il regroupe des mordus de sports d&rsquo;orientation de toute la r\u00e9gion toulonnaise, voir plus. Il est affili\u00e9 \u00e0 la FFCO&nbsp;(<em>F\u00e9d\u00e9ration Fran\u00e7aise de Course d&rsquo;Orientation<\/em>), club n\u00b0&nbsp;8311AZ.<br><br>Entra\u00eenements, initiations,&nbsp;weekends loisir,&nbsp;comp\u00e9titions, \u00e0 pied, \u00e0 VTT, en raid sur 2 jours, pour d\u00e9butants ou coureurs confirm\u00e9s&#8230; le club du <strong>POLES<\/strong> accueille tous les niveaux de pratique, et permettra aux novices de progresser rapidement au contact des \u00e9lites du club.<\/p>\n\n\n\n<p class=\"has-medium-font-size\" style=\"margin-right:0;margin-left:0\"><br>Vous aussi, rejoignez-nous dans une ambiance chaleureuse et conviviale, nous avons une place pour vous.<\/p>\n\n\n\n<p><\/p>\n\n\n\n<div class=\"wp-block-columns is-layout-flex wp-container-core-columns-is-layout-e0e4babd wp-block-columns-is-layout-flex\" style=\"padding-right:0;padding-left:0\">\n<div class=\"wp-block-column has-border-color has-vivid-green-cyan-border-color is-layout-constrained wp-container-core-column-is-layout-62d94814 wp-block-column-is-layout-constrained\" style=\"border-width:4px;padding-top:var(--wp--preset--spacing--40);padding-right:var(--wp--preset--spacing--30);padding-bottom:var(--wp--preset--spacing--40);padding-left:var(--wp--preset--spacing--30)\">\n<p class=\"has-medium-font-size\" style=\"margin-right:var(--wp--preset--spacing--80);margin-left:var(--wp--preset--spacing--80)\">Cotisations annuelles 2026\/2027\u00a0:<br>\u00a0<\/p>\n\n\n\n<p class=\"has-medium-font-size\" style=\"margin-right:var(--wp--preset--spacing--80);margin-left:var(--wp--preset--spacing--80)\">Licence comp\u00e9tition :<\/p>\n\n\n\n<p class=\"has-medium-font-size\" style=\"margin-right:var(--wp--preset--spacing--80);margin-left:var(--wp--preset--spacing--80)\">Adultes (21 ans et +) : 102 \u20ac<\/p>\n\n\n\n<p class=\"has-medium-font-size\" style=\"margin-right:var(--wp--preset--spacing--80);margin-left:var(--wp--preset--spacing--80)\">\u00c9tudiants : 95 \u20ac<\/p>\n\n\n\n<p class=\"has-medium-font-size\" style=\"margin-right:var(--wp--preset--spacing--80);margin-left:var(--wp--preset--spacing--80)\">Ados (15 \u00e0 18 ans) : 65 \u20ac<br>Enfants (14 ans et &#8211; ) : 57\u00a0\u20ac<\/p>\n\n\n\n<p class=\"has-medium-font-size\" style=\"margin-right:var(--wp--preset--spacing--80);margin-left:var(--wp--preset--spacing--80)\">Familles (3 membres et +) : 235 \u20ac<\/p>\n\n\n\n<p class=\"has-medium-font-size\" style=\"margin-right:var(--wp--preset--spacing--80);margin-left:var(--wp--preset--spacing--80)\">Adh\u00e9sion d\u00e9couverte : 72 \u20ac<\/p>\n\n\n\n<p class=\"has-medium-font-size\" style=\"margin-right:var(--wp--preset--spacing--80);margin-left:var(--wp--preset--spacing--80)\"><br>&gt; &nbsp;Ch\u00e8que \u00e0 l&rsquo;ordre de POLES.<\/p>\n\n\n\n<p class=\"has-medium-font-size\" style=\"margin-right:var(--wp--preset--spacing--80);margin-left:var(--wp--preset--spacing--80)\">&gt; &nbsp;Un&nbsp;certificat m\u00e9dical,&nbsp;sp\u00e9cifique \u00e0 la pratique de la Course d&rsquo;Orientation.<\/p>\n<\/div>\n\n\n\n<div class=\"wp-block-column has-border-color has-vivid-green-cyan-border-color is-layout-constrained wp-container-core-column-is-layout-df8428a5 wp-block-column-is-layout-constrained\" style=\"border-width:4px;padding-top:0;padding-right:var(--wp--preset--spacing--30);padding-bottom:0;padding-left:var(--wp--preset--spacing--30)\">\n<p class=\"has-medium-font-size\" style=\"margin-right:0;margin-left:0\">La tenue d&rsquo;un Pingouin&nbsp;:<\/p>\n\n\n\n<p class=\"has-medium-font-size\" style=\"margin-right:0;margin-left:0\">&#8211; Haut de maillot du club combat ou&nbsp;battle <\/p>\n\n\n\n<p class=\"has-medium-font-size\" style=\"margin-right:var(--wp--preset--spacing--80);margin-left:var(--wp--preset--spacing--80)\">&#8211; Pantalon ou Pantacourt de sport<\/p>\n\n\n\n<p class=\"has-medium-font-size\" style=\"margin-right:var(--wp--preset--spacing--80);margin-left:var(--wp--preset--spacing--80)\">&#8211; Gu\u00eatre ou Chaussette Gu\u00eatre<\/p>\n\n\n\n<p class=\"has-medium-font-size\" style=\"margin-right:var(--wp--preset--spacing--80);margin-left:var(--wp--preset--spacing--80)\">&#8211; Basket de course tous terrains<\/p>\n\n\n\n<p class=\"has-medium-font-size\" style=\"margin-right:var(--wp--preset--spacing--80);margin-left:var(--wp--preset--spacing--80)\">&#8211; Boussole<\/p>\n\n\n\n<p class=\"has-medium-font-size\" style=\"margin-right:var(--wp--preset--spacing--80);margin-left:var(--wp--preset--spacing--80)\">&#8211; Doigt \u00e9lectronique : \u00e0 partir de 30\u20ac ou en location<\/p>\n\n\n\n<p class=\"has-medium-font-size\" style=\"margin-right:var(--wp--preset--spacing--80);margin-left:var(--wp--preset--spacing--80)\">&#8211; Porte d\u00e9finition autour du poignet<\/p>\n<\/div>\n<\/div>\n\n\n\n<p class=\"has-medium-font-size\" style=\"margin-right:var(--wp--preset--spacing--80);margin-left:var(--wp--preset--spacing--80)\"><\/p>\n\n\n\n<p class=\"has-medium-font-size\" style=\"margin-right:var(--wp--preset--spacing--80);margin-left:var(--wp--preset--spacing--80)\">\u200b<\/p>\n\n\n\n<p style=\"margin-right:0;margin-left:0;font-size:1.125em\">Et maintenant, rendez-vous dans les starting blocs !<\/p>\n\n\n\n<p><\/p>\n","protected":false},"excerpt":{"rendered":"<p>Le&nbsp;POLES&nbsp;(Pradet Orientation Loisir Et Sports)&nbsp;est un club de&nbsp;Course d&rsquo;Orientation&nbsp;situ\u00e9 au&nbsp;Pradet, \u00e0 l&rsquo;est de Toulon. Il regroupe des mordus de sports d&rsquo;orientation de toute la r\u00e9gion toulonnaise, voir plus. Il est affili\u00e9 \u00e0 la FFCO&nbsp;(F\u00e9d\u00e9ration Fran\u00e7aise de Course d&rsquo;Orientation), club n\u00b0&nbsp;8311AZ. Entra\u00eenements, initiations,&nbsp;weekends loisir,&nbsp;comp\u00e9titions, \u00e0 pied, \u00e0 VTT, en raid sur 2 jours, pour d\u00e9butants ou [&hellip;]<\/p>\n","protected":false},"author":1,"featured_media":0,"parent":0,"menu_order":1,"comment_status":"closed","ping_status":"closed","template":"page-no-separators","meta":{"footnotes":""},"class_list":["post-19","page","type-page","status-publish","hentry"],"_links":{"self":[{"href":"https:\/\/poles8311.fr\/index.php\/wp-json\/wp\/v2\/pages\/19","targetHints":{"allow":["GET"]}}],"collection":[{"href":"https:\/\/poles8311.fr\/index.php\/wp-json\/wp\/v2\/pages"}],"about":[{"href":"https:\/\/poles8311.fr\/index.php\/wp-json\/wp\/v2\/types\/page"}],"author":[{"embeddable":true,"href":"https:\/\/poles8311.fr\/index.php\/wp-json\/wp\/v2\/users\/1"}],"replies":[{"embeddable":true,"href":"https:\/\/poles8311.fr\/index.php\/wp-json\/wp\/v2\/comments?post=19"}],"version-history":[{"count":26,"href":"https:\/\/poles8311.fr\/index.php\/wp-json\/wp\/v2\/pages\/19\/revisions"}],"predecessor-version":[{"id":763,"href":"https:\/\/poles8311.fr\/index.php\/wp-json\/wp\/v2\/pages\/19\/revisions\/763"}],"wp:attachment":[{"href":"https:\/\/poles8311.fr\/index.php\/wp-json\/wp\/v2\/media?parent=19"}],"curies":[{"name":"wp","href":"https:\/\/api.w.org\/{rel}","templated":true}]}}