{"id":27,"date":"2024-09-01T18:16:00","date_gmt":"2024-09-01T16:16:00","guid":{"rendered":"http:\/\/poles8311.fr\/?page_id=27"},"modified":"2024-09-05T18:18:32","modified_gmt":"2024-09-05T16:18:32","slug":"contact","status":"publish","type":"page","link":"https:\/\/poles8311.fr\/index.php\/contact\/","title":{"rendered":"Contact"},"content":{"rendered":"\n<figure class=\"wp-block-image aligncenter size-full\"><img loading=\"lazy\" decoding=\"async\" width=\"195\" height=\"189\" src=\"https:\/\/poles8311.fr\/wp-content\/uploads\/2024\/09\/image.png\" alt=\"\" class=\"wp-image-32\"\/><\/figure>\n\n\n\n<figure class=\"wp-block-image aligncenter size-full\"><a href=\"http:\/\/www.facebook.com\/Poles8311\"><img loading=\"lazy\" decoding=\"async\" width=\"39\" height=\"39\" src=\"https:\/\/poles8311.fr\/wp-content\/uploads\/2024\/09\/image-2.png\" alt=\"\" class=\"wp-image-39\"\/><\/a><\/figure>\n\n\n\n<p class=\"has-text-align-center has-large-font-size\">POLES<br>Gymnase G. Sebastia<\/p>\n\n\n\n<p class=\"has-text-align-center has-large-font-size\">Complexe sportif La B\u00e2tie <\/p>\n\n\n\n<p class=\"has-text-align-center has-large-font-size\">83220 Le Pradet<br><\/p>\n\n\n\n<p class=\"has-text-align-center has-medium-font-size\"><strong>Fixe<\/strong> : 04 98 01 00 83<\/p>\n\n\n\n<p class=\"has-text-align-center has-medium-font-size\"><strong>Portable<\/strong> : 06 12 53 54 07<\/p>\n\n\n\n<p class=\"has-text-align-center has-medium-font-size\"><strong>Courriel<\/strong> : poles8311@sfr.fr<\/p>\n\n\n\n<p>\u200b<\/p>\n\n\n\n<div class=\"wp-block-group is-layout-constrained wp-block-group-is-layout-constrained\">\n<p class=\"has-text-align-center has-large-font-size\">Bureau :<\/p>\n\n\n\n<p class=\"has-text-align-center has-large-font-size\"><strong>Pr\u00e9sidente<\/strong> : Fran\u00e7oise DELI<\/p>\n\n\n\n<p class=\"has-text-align-center has-large-font-size\"><strong>Secr\u00e9taire<\/strong> : Valentine DELI<\/p>\n\n\n\n<p class=\"has-text-align-center has-large-font-size\"><strong>Tr\u00e9sorier<\/strong> : Georges DELI<\/p>\n<\/div>\n\n\n\n<p><\/p>\n","protected":false},"excerpt":{"rendered":"<p>POLESGymnase G. Sebastia Complexe sportif La B\u00e2tie 83220 Le Pradet Fixe : 04 98 01 00 83 Portable : 06 12 53 54 07 Courriel : poles8311@sfr.fr \u200b Bureau : Pr\u00e9sidente : Fran\u00e7oise DELI Secr\u00e9taire : Valentine DELI Tr\u00e9sorier : Georges DELI<\/p>\n","protected":false},"author":1,"featured_media":0,"parent":0,"menu_order":9,"comment_status":"closed","ping_status":"closed","template":"page-no-separators","meta":{"footnotes":""},"class_list":["post-27","page","type-page","status-publish","hentry"],"_links":{"self":[{"href":"https:\/\/poles8311.fr\/index.php\/wp-json\/wp\/v2\/pages\/27","targetHints":{"allow":["GET"]}}],"collection":[{"href":"https:\/\/poles8311.fr\/index.php\/wp-json\/wp\/v2\/pages"}],"about":[{"href":"https:\/\/poles8311.fr\/index.php\/wp-json\/wp\/v2\/types\/page"}],"author":[{"embeddable":true,"href":"https:\/\/poles8311.fr\/index.php\/wp-json\/wp\/v2\/users\/1"}],"replies":[{"embeddable":true,"href":"https:\/\/poles8311.fr\/index.php\/wp-json\/wp\/v2\/comments?post=27"}],"version-history":[{"count":11,"href":"https:\/\/poles8311.fr\/index.php\/wp-json\/wp\/v2\/pages\/27\/revisions"}],"predecessor-version":[{"id":233,"href":"https:\/\/poles8311.fr\/index.php\/wp-json\/wp\/v2\/pages\/27\/revisions\/233"}],"wp:attachment":[{"href":"https:\/\/poles8311.fr\/index.php\/wp-json\/wp\/v2\/media?parent=27"}],"curies":[{"name":"wp","href":"https:\/\/api.w.org\/{rel}","templated":true}]}}